{"id":1179,"date":"2026-03-04T07:36:35","date_gmt":"2026-03-04T07:36:35","guid":{"rendered":"https:\/\/tcc-vn.com\/?page_id=1179"},"modified":"2026-03-04T07:40:00","modified_gmt":"2026-03-04T07:40:00","slug":"gioi-thieu-2","status":"publish","type":"page","link":"https:\/\/www.tcc-vn.com\/en\/gioi-thieu-2\/","title":{"rendered":"Gi\u1edbi thi\u1ec7u 2"},"content":{"rendered":"\t<section class=\"section\" id=\"section_548906253\">\n\t\t<div class=\"bg section-bg fill bg-fill  bg-loaded\" >\n\n\t\t\t\n\t\t\t\n\t\t\t\n\n\t\t<\/div>\n\n\t\t\n\n\t\t<div class=\"section-content relative\">\n\t\t\t\n<div class=\"row\"  id=\"row-657409664\">\n\n\t<div id=\"col-2030597469\" class=\"col small-12 large-12\"  >\n\t\t\t\t<div class=\"col-inner\"  >\n\t\t\t\n\t\t\t\n\t<div id=\"text-589808372\" class=\"text maucam\">\n\t\t\n<p>C\u00d4NG TY TNHH PH\u1ee4 LI\u1ec6U MAY M\u1eb6C TCC \u0111\u01b0\u1ee3c th\u00e0nh l\u1eadp v\u00e0o n\u0103m 2016, t\u1ecda l\u1ea1c t\u1ea1i TP. H\u1ed3 Ch\u00ed Minh (tr\u01b0\u1edbc \u0111\u00e2y l\u00e0 B\u00ecnh D\u01b0\u01a1ng), Vi\u1ec7t Nam, v\u1edbi c\u00e1c s\u1ea3n ph\u1ea9m ch\u00ednh: d\u00e2y thun; d\u00e2y lu\u1ed3n, d\u00e2y in silicone, d\u00e2y \u0111ai; d\u00e2y b\u00fan (TPU); d\u00e2y cao su, \u0111\u1ea7u m\u00f3c d\u00e2y k\u00e9o, v\u1ea3i l\u00f3t, b\u0103ng nh\u00e1m x\u00e9; tem gi\u1ea5y, th\u1ebb b\u00e0i, nh\u00e3n; d\u00e2y treo th\u1ebb b\u00e0i, gi\u1ea5y ch\u1ed1ng \u1ea9m, g\u00f3i h\u00fat \u1ea9m,&#8230;.<\/p>\n<p>C\u00f4ng ty t\u00edch h\u1ee3p c\u00e1c l\u1ee3i th\u1ebf v\u00e0 ngu\u1ed3n l\u1ef1c ri\u00eang c\u1ee7a m\u00ecnh, cung c\u1ea5p cho kh\u00e1ch h\u00e0ng \u0111a d\u1ea1ng c\u00e1c lo\u1ea1i ph\u1ee5 ki\u1ec7n c\u1ee7a ng\u00e0nh may m\u1eb7c, gi\u00e0y d\u00e9p,&#8230;<br \/>T\u00ednh to\u00e0n v\u1eb9n, s\u1ee9c m\u1ea1nh v\u00e0 ch\u1ea5t l\u01b0\u1ee3ng s\u1ea3n ph\u1ea9m c\u1ee7a TCC \u0111\u00e3 \u0111\u01b0\u1ee3c ng\u00e0nh c\u00f4ng nh\u1eadn.<\/p>\n\t\t\t<\/div>\n\t\n\t\t<\/div>\n\t\t\t\t\t<\/div>\n\n\t\n<\/div>\n\t\t<\/div>\n\n\t\t\n<style>\n#section_548906253 {\n  padding-top: 30px;\n  padding-bottom: 30px;\n}\n#section_548906253 .ux-shape-divider--top svg {\n  height: 150px;\n  --divider-top-width: 100%;\n}\n#section_548906253 .ux-shape-divider--bottom svg {\n  height: 150px;\n  --divider-width: 100%;\n}\n<\/style>\n\t<\/section>\n\t\n\t<section class=\"section\" id=\"section_1632261459\">\n\t\t<div class=\"bg section-bg fill bg-fill  bg-loaded\" >\n\n\t\t\t\n\t\t\t\n\t\t\t\n\n\t\t<\/div>\n\n\t\t\n\n\t\t<div class=\"section-content relative\">\n\t\t\t\n<div class=\"row\"  id=\"row-1950857252\">\n\n\t<div id=\"col-1845102541\" class=\"col small-12 large-12\"  >\n\t\t\t\t<div class=\"col-inner text-center\"  >\n\t\t\t\n\t\t\t\n<h3 style=\"text-align: center;\">Hoan ngh\u00eanh c\u00e1c \u0111\u1ed1i t\u00e1c t\u1eeb m\u1ecdi mi\u1ec1n \u0111\u1ebfn gh\u00e9 th\u0103m v\u00e0 h\u1ee3p t\u00e1c kinh doanh.<\/h3>\n<a class=\"button primary\"  style=\"border-radius:37px;\">\n    <span>Li\u00ean h\u1ec7 h\u1ee3p t\u00e1c ngay<\/span>\n  <\/a>\n\n\t\t<\/div>\n\t\t\t\t\t<\/div>\n\n\t\n<\/div>\n\t\t<\/div>\n\n\t\t\n<style>\n#section_1632261459 {\n  padding-top: 30px;\n  padding-bottom: 30px;\n  background-color: rgb(240, 240, 240);\n}\n#section_1632261459 .ux-shape-divider--top svg {\n  height: 150px;\n  --divider-top-width: 100%;\n}\n#section_1632261459 .ux-shape-divider--bottom svg {\n  height: 150px;\n  --divider-width: 100%;\n}\n<\/style>\n\t<\/section>\n\t\n","protected":false},"excerpt":{"rendered":"","protected":false},"author":1,"featured_media":0,"parent":0,"menu_order":0,"comment_status":"closed","ping_status":"closed","template":"page-blank.php","meta":{"footnotes":""},"class_list":["post-1179","page","type-page","status-publish","hentry"],"_links":{"self":[{"href":"https:\/\/www.tcc-vn.com\/en\/wp-json\/wp\/v2\/pages\/1179","targetHints":{"allow":["GET"]}}],"collection":[{"href":"https:\/\/www.tcc-vn.com\/en\/wp-json\/wp\/v2\/pages"}],"about":[{"href":"https:\/\/www.tcc-vn.com\/en\/wp-json\/wp\/v2\/types\/page"}],"author":[{"embeddable":true,"href":"https:\/\/www.tcc-vn.com\/en\/wp-json\/wp\/v2\/users\/1"}],"replies":[{"embeddable":true,"href":"https:\/\/www.tcc-vn.com\/en\/wp-json\/wp\/v2\/comments?post=1179"}],"version-history":[{"count":5,"href":"https:\/\/www.tcc-vn.com\/en\/wp-json\/wp\/v2\/pages\/1179\/revisions"}],"predecessor-version":[{"id":1185,"href":"https:\/\/www.tcc-vn.com\/en\/wp-json\/wp\/v2\/pages\/1179\/revisions\/1185"}],"wp:attachment":[{"href":"https:\/\/www.tcc-vn.com\/en\/wp-json\/wp\/v2\/media?parent=1179"}],"curies":[{"name":"wp","href":"https:\/\/api.w.org\/{rel}","templated":true}]}}